{"id":1318,"date":"2017-01-18T12:30:35","date_gmt":"2017-01-18T12:30:35","guid":{"rendered":"http:\/\/10.238.8.27\/ronan.audio\/?page_id=1318"},"modified":"2020-10-10T16:24:54","modified_gmt":"2020-10-10T14:24:54","slug":"a-propos","status":"publish","type":"page","link":"https:\/\/ronan.audio\/index.php\/a-propos\/","title":{"rendered":"A PROPOS"},"content":{"rendered":"<p>[vc_row el_class=&#8221;wrapper&#8221;][vc_column][vc_row_inner el_id=&#8221;LogoContainer&#8221;][vc_column_inner el_class=&#8221;logoInnerContainer&#8221;][vc_single_image image=&#8221;1676&#8243; img_size=&#8221;760 x 831&#8243; el_class=&#8221;logo&#8221;][\/vc_column_inner][\/vc_row_inner][vc_row_inner el_class=&#8221;gradientBar&#8221;][vc_column_inner][\/vc_column_inner][\/vc_row_inner][vc_row_inner el_class=&#8221;vraiePassion&#8221;][vc_column_inner el_class=&#8221;passion-para&#8221;][vc_column_text el_class=&#8221;passion-para2&#8243;]Une vraie passion[\/vc_column_text][\/vc_column_inner][\/vc_row_inner][vc_row_inner el_class=&#8221;oTextContainer&#8221;][vc_column_inner el_class=&#8221;oTexteInnerContainer&#8221;][vc_column_text el_class=&#8221;laRadioParaContainer&#8221; css=&#8221;.vc_custom_1490692679622{margin-top: 0px !important;margin-right: 0px !important;margin-bottom: 0px !important;margin-left: 0px !important;border-top-width: 0px !important;border-right-width: 0px !important;border-bottom-width: 0px !important;border-left-width: 0px !important;padding-top: 0px !important;padding-right: 0px !important;padding-bottom: 0px !important;padding-left: 0px !important;}&#8221;]de la radio[\/vc_column_text][vc_column_text el_class=&#8221;test2&#8243;]Animateur, journaliste, commercial et directeur r\u00e9gional : les m\u00e9tiers de la radio n&#8217;ont pas de secret pour moi.&nbsp;Ob\u00e9lix avait sa marmite, moi j&#8217;avais la radio&#8230; et je suis tomb\u00e9 dedans depuis l&#8217;\u00e2ge de 13&nbsp;ans ! L&#8217;exp\u00e9rience offre un recul n\u00e9cessaire dans un m\u00e9tier en pleine mutation o\u00f9 tout va tr\u00e8s vite.<\/p>\n<p>Ne pas faire &#8220;genre&#8221; mais \u00eatre vrai, base du m\u00e9dia que l&#8217;on fabrique pour les autres et non pour soi.<\/p>\n<p>Mon parcours : animateur dans le groupe NRJ sur diff\u00e9rents formats, j&#8217;ai aussi \u00e9t\u00e9 journaliste dans le m\u00eame groupe mais aussi pour France 3 et M6. Cadre r\u00e9gional pour NRJ et responsable de r\u00e9gion, j&#8217;ai d\u00e9cid\u00e9 de voler de mes propres ailes en fondant un e-commerce et concept store, tout en poursuivant l&#8217;aventure m\u00e9dia via du conseil (consulting radio et m\u00e9dias), de la voix-off et du voice-track. Je vis depuis une exp\u00e9rience d&#8217;expatriation particuli\u00e8rement enrichissante \u00e0 laquelle s&#8217;ajoute du doublage de films et s\u00e9ries (Canal +, Bollywood). La suite est \u00e0 \u00e9crire&#8230; avec vous ! ;o)[\/vc_column_text][\/vc_column_inner][\/vc_row_inner][\/vc_column][\/vc_row]<\/p>\n\n\n<p><\/p>\n","protected":false},"excerpt":{"rendered":"<p>[vc_row el_class=&#8221;wrapper&#8221;][vc_column][vc_row_inner el_id=&#8221;LogoContainer&#8221;][vc_column_inner el_class=&#8221;logoInnerContainer&#8221;][vc_single_image image=&#8221;1676&#8243; img_size=&#8221;760 x 831&#8243; el_class=&#8221;logo&#8221;][\/vc_column_inner][\/vc_row_inner][vc_row_inner el_class=&#8221;gradientBar&#8221;][vc_column_inner][\/vc_column_inner][\/vc_row_inner][vc_row_inner el_class=&#8221;vraiePassion&#8221;][vc_column_inner el_class=&#8221;passion-para&#8221;][vc_column_text el_class=&#8221;passion-para2&#8243;]Une vraie passion[\/vc_column_text][\/vc_column_inner][\/vc_row_inner][vc_row_inner el_class=&#8221;oTextContainer&#8221;][vc_column_inner el_class=&#8221;oTexteInnerContainer&#8221;][vc_column_text el_class=&#8221;laRadioParaContainer&#8221; css=&#8221;.vc_custom_1490692679622{margin-top: 0px [&hellip;]<\/p>\n","protected":false},"author":3,"featured_media":0,"parent":0,"menu_order":0,"comment_status":"closed","ping_status":"closed","template":"","meta":{"footnotes":""},"class_list":["post-1318","page","type-page","status-publish","hentry"],"yoast_head":"<!-- This site is optimized with the Yoast SEO plugin v27.4 - https:\/\/yoast.com\/product\/yoast-seo-wordpress\/ -->\n<title>A PROPOS &#183; Ronan.Audio<\/title>\n<meta name=\"description\" content=\"Animateur voice track, Com\u00e9dien voix off, Voix Off E-learning, Journaliste, Coaching &amp; Formation, Consulting Presse Radio Communication\" \/>\n<meta name=\"robots\" content=\"index, follow, max-snippet:-1, max-image-preview:large, max-video-preview:-1\" \/>\n<link rel=\"canonical\" href=\"https:\/\/ronan.audio\/index.php\/a-propos\/\" \/>\n<meta property=\"og:locale\" content=\"fr_FR\" \/>\n<meta property=\"og:type\" content=\"article\" \/>\n<meta property=\"og:title\" content=\"A PROPOS &#183; Ronan.Audio\" \/>\n<meta property=\"og:description\" content=\"Animateur voice track, Com\u00e9dien voix off, Voix Off E-learning, Journaliste, Coaching &amp; Formation, Consulting Presse Radio Communication\" \/>\n<meta property=\"og:url\" content=\"https:\/\/ronan.audio\/index.php\/a-propos\/\" \/>\n<meta property=\"og:site_name\" content=\"Ronan.Audio\" \/>\n<meta property=\"article:publisher\" content=\"https:\/\/www.facebook.com\/ronan.audio\/\" \/>\n<meta property=\"article:modified_time\" content=\"2020-10-10T14:24:54+00:00\" \/>\n<meta name=\"twitter:card\" content=\"summary_large_image\" \/>\n<meta name=\"twitter:label1\" content=\"Dur\u00e9e de lecture estim\u00e9e\" \/>\n\t<meta name=\"twitter:data1\" content=\"2 minutes\" \/>\n<script type=\"application\/ld+json\" class=\"yoast-schema-graph\">{\"@context\":\"https:\\\/\\\/schema.org\",\"@graph\":[{\"@type\":\"WebPage\",\"@id\":\"https:\\\/\\\/ronan.audio\\\/index.php\\\/a-propos\\\/\",\"url\":\"https:\\\/\\\/ronan.audio\\\/index.php\\\/a-propos\\\/\",\"name\":\"A PROPOS &#183; Ronan.Audio\",\"isPartOf\":{\"@id\":\"https:\\\/\\\/ronan.audio\\\/#website\"},\"datePublished\":\"2017-01-18T12:30:35+00:00\",\"dateModified\":\"2020-10-10T14:24:54+00:00\",\"description\":\"Animateur voice track, Com\u00e9dien voix off, Voix Off E-learning, Journaliste, Coaching & Formation, Consulting Presse Radio Communication\",\"breadcrumb\":{\"@id\":\"https:\\\/\\\/ronan.audio\\\/index.php\\\/a-propos\\\/#breadcrumb\"},\"inLanguage\":\"fr-FR\",\"potentialAction\":[{\"@type\":\"ReadAction\",\"target\":[\"https:\\\/\\\/ronan.audio\\\/index.php\\\/a-propos\\\/\"]}]},{\"@type\":\"BreadcrumbList\",\"@id\":\"https:\\\/\\\/ronan.audio\\\/index.php\\\/a-propos\\\/#breadcrumb\",\"itemListElement\":[{\"@type\":\"ListItem\",\"position\":1,\"name\":\"Home\",\"item\":\"https:\\\/\\\/ronan.audio\\\/\"},{\"@type\":\"ListItem\",\"position\":2,\"name\":\"A PROPOS\"}]},{\"@type\":\"WebSite\",\"@id\":\"https:\\\/\\\/ronan.audio\\\/#website\",\"url\":\"https:\\\/\\\/ronan.audio\\\/\",\"name\":\"Ronan.Audio\",\"description\":\"Voice-Track, Animateur Radio, Com\u00e9dien Voix Off, Journaliste\",\"publisher\":{\"@id\":\"https:\\\/\\\/ronan.audio\\\/#\\\/schema\\\/person\\\/28d5cc5ff71b5dbd42996cb206766ba5\"},\"potentialAction\":[{\"@type\":\"SearchAction\",\"target\":{\"@type\":\"EntryPoint\",\"urlTemplate\":\"https:\\\/\\\/ronan.audio\\\/?s={search_term_string}\"},\"query-input\":{\"@type\":\"PropertyValueSpecification\",\"valueRequired\":true,\"valueName\":\"search_term_string\"}}],\"inLanguage\":\"fr-FR\"},{\"@type\":[\"Person\",\"Organization\"],\"@id\":\"https:\\\/\\\/ronan.audio\\\/#\\\/schema\\\/person\\\/28d5cc5ff71b5dbd42996cb206766ba5\",\"name\":\"Ronan JAFFRENNOU\",\"image\":{\"@type\":\"ImageObject\",\"inLanguage\":\"fr-FR\",\"@id\":\"https:\\\/\\\/secure.gravatar.com\\\/avatar\\\/0d2ce431a43af1dd107ace456bf27fe227a859b0bcf31c3c2ed1795669896847?s=96&d=mm&r=g\",\"url\":\"https:\\\/\\\/secure.gravatar.com\\\/avatar\\\/0d2ce431a43af1dd107ace456bf27fe227a859b0bcf31c3c2ed1795669896847?s=96&d=mm&r=g\",\"contentUrl\":\"https:\\\/\\\/secure.gravatar.com\\\/avatar\\\/0d2ce431a43af1dd107ace456bf27fe227a859b0bcf31c3c2ed1795669896847?s=96&d=mm&r=g\",\"caption\":\"Ronan JAFFRENNOU\"},\"logo\":{\"@id\":\"https:\\\/\\\/secure.gravatar.com\\\/avatar\\\/0d2ce431a43af1dd107ace456bf27fe227a859b0bcf31c3c2ed1795669896847?s=96&d=mm&r=g\"},\"sameAs\":[\"http:\\\/\\\/ronan.audio\",\"https:\\\/\\\/www.facebook.com\\\/ronan.audio\\\/\",\"Ronan JAFFRENNOU\",\"https:\\\/\\\/www.linkedin.com\\\/in\\\/ronan-jaffrennou-336578149\\\/\",\"https:\\\/\\\/www.youtube.com\\\/watch?v=wWiUKutevpo\"]}]}<\/script>\n<!-- \/ Yoast SEO plugin. -->","yoast_head_json":{"title":"A PROPOS &#183; Ronan.Audio","description":"Animateur voice track, Com\u00e9dien voix off, Voix Off E-learning, Journaliste, Coaching & Formation, Consulting Presse Radio Communication","robots":{"index":"index","follow":"follow","max-snippet":"max-snippet:-1","max-image-preview":"max-image-preview:large","max-video-preview":"max-video-preview:-1"},"canonical":"https:\/\/ronan.audio\/index.php\/a-propos\/","og_locale":"fr_FR","og_type":"article","og_title":"A PROPOS &#183; Ronan.Audio","og_description":"Animateur voice track, Com\u00e9dien voix off, Voix Off E-learning, Journaliste, Coaching & Formation, Consulting Presse Radio Communication","og_url":"https:\/\/ronan.audio\/index.php\/a-propos\/","og_site_name":"Ronan.Audio","article_publisher":"https:\/\/www.facebook.com\/ronan.audio\/","article_modified_time":"2020-10-10T14:24:54+00:00","twitter_card":"summary_large_image","twitter_misc":{"Dur\u00e9e de lecture estim\u00e9e":"2 minutes"},"schema":{"@context":"https:\/\/schema.org","@graph":[{"@type":"WebPage","@id":"https:\/\/ronan.audio\/index.php\/a-propos\/","url":"https:\/\/ronan.audio\/index.php\/a-propos\/","name":"A PROPOS &#183; Ronan.Audio","isPartOf":{"@id":"https:\/\/ronan.audio\/#website"},"datePublished":"2017-01-18T12:30:35+00:00","dateModified":"2020-10-10T14:24:54+00:00","description":"Animateur voice track, Com\u00e9dien voix off, Voix Off E-learning, Journaliste, Coaching & Formation, Consulting Presse Radio Communication","breadcrumb":{"@id":"https:\/\/ronan.audio\/index.php\/a-propos\/#breadcrumb"},"inLanguage":"fr-FR","potentialAction":[{"@type":"ReadAction","target":["https:\/\/ronan.audio\/index.php\/a-propos\/"]}]},{"@type":"BreadcrumbList","@id":"https:\/\/ronan.audio\/index.php\/a-propos\/#breadcrumb","itemListElement":[{"@type":"ListItem","position":1,"name":"Home","item":"https:\/\/ronan.audio\/"},{"@type":"ListItem","position":2,"name":"A PROPOS"}]},{"@type":"WebSite","@id":"https:\/\/ronan.audio\/#website","url":"https:\/\/ronan.audio\/","name":"Ronan.Audio","description":"Voice-Track, Animateur Radio, Com\u00e9dien Voix Off, Journaliste","publisher":{"@id":"https:\/\/ronan.audio\/#\/schema\/person\/28d5cc5ff71b5dbd42996cb206766ba5"},"potentialAction":[{"@type":"SearchAction","target":{"@type":"EntryPoint","urlTemplate":"https:\/\/ronan.audio\/?s={search_term_string}"},"query-input":{"@type":"PropertyValueSpecification","valueRequired":true,"valueName":"search_term_string"}}],"inLanguage":"fr-FR"},{"@type":["Person","Organization"],"@id":"https:\/\/ronan.audio\/#\/schema\/person\/28d5cc5ff71b5dbd42996cb206766ba5","name":"Ronan JAFFRENNOU","image":{"@type":"ImageObject","inLanguage":"fr-FR","@id":"https:\/\/secure.gravatar.com\/avatar\/0d2ce431a43af1dd107ace456bf27fe227a859b0bcf31c3c2ed1795669896847?s=96&d=mm&r=g","url":"https:\/\/secure.gravatar.com\/avatar\/0d2ce431a43af1dd107ace456bf27fe227a859b0bcf31c3c2ed1795669896847?s=96&d=mm&r=g","contentUrl":"https:\/\/secure.gravatar.com\/avatar\/0d2ce431a43af1dd107ace456bf27fe227a859b0bcf31c3c2ed1795669896847?s=96&d=mm&r=g","caption":"Ronan JAFFRENNOU"},"logo":{"@id":"https:\/\/secure.gravatar.com\/avatar\/0d2ce431a43af1dd107ace456bf27fe227a859b0bcf31c3c2ed1795669896847?s=96&d=mm&r=g"},"sameAs":["http:\/\/ronan.audio","https:\/\/www.facebook.com\/ronan.audio\/","Ronan JAFFRENNOU","https:\/\/www.linkedin.com\/in\/ronan-jaffrennou-336578149\/","https:\/\/www.youtube.com\/watch?v=wWiUKutevpo"]}]}},"_links":{"self":[{"href":"https:\/\/ronan.audio\/index.php\/wp-json\/wp\/v2\/pages\/1318","targetHints":{"allow":["GET"]}}],"collection":[{"href":"https:\/\/ronan.audio\/index.php\/wp-json\/wp\/v2\/pages"}],"about":[{"href":"https:\/\/ronan.audio\/index.php\/wp-json\/wp\/v2\/types\/page"}],"author":[{"embeddable":true,"href":"https:\/\/ronan.audio\/index.php\/wp-json\/wp\/v2\/users\/3"}],"replies":[{"embeddable":true,"href":"https:\/\/ronan.audio\/index.php\/wp-json\/wp\/v2\/comments?post=1318"}],"version-history":[{"count":53,"href":"https:\/\/ronan.audio\/index.php\/wp-json\/wp\/v2\/pages\/1318\/revisions"}],"predecessor-version":[{"id":2285,"href":"https:\/\/ronan.audio\/index.php\/wp-json\/wp\/v2\/pages\/1318\/revisions\/2285"}],"wp:attachment":[{"href":"https:\/\/ronan.audio\/index.php\/wp-json\/wp\/v2\/media?parent=1318"}],"curies":[{"name":"wp","href":"https:\/\/api.w.org\/{rel}","templated":true}]}}